{"id":566,"date":"2022-02-15T15:04:44","date_gmt":"2022-02-15T15:04:44","guid":{"rendered":"http:\/\/almundia.ch\/?page_id=566"},"modified":"2022-02-15T19:49:04","modified_gmt":"2022-02-15T19:49:04","slug":"lead-generierung-2","status":"publish","type":"page","link":"https:\/\/almundia.ch\/?page_id=566","title":{"rendered":"Lead Generierung"},"content":{"rendered":"<p>[et_pb_section fb_built=&#187;1&#8243; fullwidth=&#187;on&#187; custom_padding_last_edited=&#187;on|desktop&#187; admin_label=&#187;Section&#187; _builder_version=&#187;3.22&#8243; custom_padding=&#187;0px|0px|0px|0px&#187; custom_padding_tablet=&#187;50px|0|50px|0&#8243; custom_padding_phone=&#187;&#187; transparent_background=&#187;off&#187; padding_mobile=&#187;off&#187; make_fullwidth=&#187;off&#187; use_custom_width=&#187;off&#187; width_unit=&#187;off&#187; custom_width_px=&#187;1080px&#187; custom_width_percent=&#187;80%&#187;][et_pb_fullwidth_header title=&#187;Schauen Sie das Video unten an um zu erfahren, wie Lead Generierung bei uns funktioniert:&#187; content_max_width=&#187;none&#187; admin_label=&#187;Fullwidth Header&#187; _builder_version=&#187;4.9.4&#8243; title_text_align=&#187;center&#187; title_font_size=&#187;27px&#187; background_color=&#187;rgba(255, 255, 255, 0)&#187; background_layout=&#187;light&#187; custom_padding=&#187;||2px|||&#187; title_font_size_phone=&#187;21px&#187; button_one_letter_spacing_hover=&#187;0&#8243; button_two_letter_spacing_hover=&#187;0&#8243; button_one_text_size__hover_enabled=&#187;off&#187; button_two_text_size__hover_enabled=&#187;off&#187; button_one_text_color__hover_enabled=&#187;off&#187; button_two_text_color__hover_enabled=&#187;off&#187; button_one_border_width__hover_enabled=&#187;off&#187; button_two_border_width__hover_enabled=&#187;off&#187; button_one_border_color__hover_enabled=&#187;off&#187; button_two_border_color__hover_enabled=&#187;off&#187; button_one_border_radius__hover_enabled=&#187;off&#187; button_two_border_radius__hover_enabled=&#187;off&#187; button_one_letter_spacing__hover_enabled=&#187;on&#187; button_one_letter_spacing__hover=&#187;0&#8243; button_two_letter_spacing__hover_enabled=&#187;on&#187; button_two_letter_spacing__hover=&#187;0&#8243; button_one_bg_color__hover_enabled=&#187;off&#187; button_two_bg_color__hover_enabled=&#187;off&#187;][\/et_pb_fullwidth_header][\/et_pb_section][et_pb_section fb_built=&#187;1&#8243; custom_padding_last_edited=&#187;on|desktop&#187; admin_label=&#187;Section&#187; _builder_version=&#187;3.22&#8243; background_color=&#187;#4f4f4f&#187; custom_padding=&#187;0px|0px|54px|0px&#187; custom_padding_tablet=&#187;50px|0|50px|0&#8243; custom_padding_phone=&#187;&#187; transparent_background=&#187;off&#187; padding_mobile=&#187;off&#187; make_fullwidth=&#187;off&#187; use_custom_width=&#187;off&#187; width_unit=&#187;off&#187; custom_width_px=&#187;1080px&#187; custom_width_percent=&#187;80%&#187;][et_pb_row _builder_version=&#187;4.9.4&#8243; _module_preset=&#187;default&#187;][et_pb_column type=&#187;4_4&#8243; _builder_version=&#187;4.9.4&#8243; _module_preset=&#187;default&#187;][et_pb_code _builder_version=&#187;4.9.4&#8243; _module_preset=&#187;default&#187;]<\/p>\n<div class=\"wistia_responsive_padding\" style=\"padding:56.25% 0 0 0;position:relative;\">\n<div class=\"wistia_responsive_wrapper\" style=\"height:100%;left:0;position:absolute;top:0;width:100%;\"><iframe loading=\"lazy\" src=\"https:\/\/fast.wistia.net\/embed\/iframe\/nuo3z9dcc9?seo=false&#038;videoFoam=true\" title=\"ALmunvid Video\" allow=\"autoplay; fullscreen\" allowtransparency=\"true\" frameborder=\"0\" scrolling=\"no\" class=\"wistia_embed\" name=\"wistia_embed\" msallowfullscreen width=\"100%\" height=\"100%\"><\/iframe><\/div>\n<\/div>\n<p><!-- [et_pb_line_break_holder] --><script src=\"https:\/\/fast.wistia.net\/assets\/external\/E-v1.js\" async><\/script>[\/et_pb_code][\/et_pb_column][\/et_pb_row][\/et_pb_section][et_pb_section fb_built=&#187;1&#8243; _builder_version=&#187;4.9.4&#8243; _module_preset=&#187;default&#187;][et_pb_row padding_mobile=&#187;off&#187; column_padding_mobile=&#187;on&#187; admin_label=&#187;Row&#187; _builder_version=&#187;3.25&#8243; background_size=&#187;initial&#187; background_position=&#187;top_left&#187; background_repeat=&#187;repeat&#187; make_fullwidth=&#187;off&#187; use_custom_width=&#187;off&#187; width_unit=&#187;off&#187; custom_width_px=&#187;1080px&#187; custom_width_percent=&#187;80%&#187;][et_pb_column type=&#187;4_4&#8243; _builder_version=&#187;3.25&#8243; custom_padding=&#187;|||&#187; custom_padding__hover=&#187;|||&#187;][et_pb_button button_url=&#187;#cb236522b6&#8243; button_text=&#187;JA, ich will hochwertige Leads&#187; button_alignment=&#187;center&#187; admin_label=&#187;Button&#187; _builder_version=&#187;4.9.4&#8243; custom_button=&#187;on&#187; button_text_size=&#187;26px&#187; button_text_color=&#187;#FFFFFF&#187; button_bg_color=&#187;#0C71C3&#8243; button_letter_spacing_hover=&#187;0&#8243; button_text_size__hover_enabled=&#187;off&#187; button_one_text_size__hover_enabled=&#187;off&#187; button_two_text_size__hover_enabled=&#187;off&#187; button_text_color__hover_enabled=&#187;off&#187; button_one_text_color__hover_enabled=&#187;off&#187; button_two_text_color__hover_enabled=&#187;off&#187; button_border_width__hover_enabled=&#187;off&#187; button_one_border_width__hover_enabled=&#187;off&#187; button_two_border_width__hover_enabled=&#187;off&#187; button_border_color__hover_enabled=&#187;off&#187; button_one_border_color__hover_enabled=&#187;off&#187; button_two_border_color__hover_enabled=&#187;off&#187; button_border_radius__hover_enabled=&#187;off&#187; button_one_border_radius__hover_enabled=&#187;off&#187; button_two_border_radius__hover_enabled=&#187;off&#187; button_letter_spacing__hover_enabled=&#187;on&#187; button_letter_spacing__hover=&#187;0&#8243; button_one_letter_spacing__hover_enabled=&#187;off&#187; button_two_letter_spacing__hover_enabled=&#187;off&#187; button_bg_color__hover_enabled=&#187;off&#187; button_one_bg_color__hover_enabled=&#187;off&#187; button_two_bg_color__hover_enabled=&#187;off&#187;] [\/et_pb_button][\/et_pb_column][\/et_pb_row][\/et_pb_section][et_pb_section fb_built=&#187;1&#8243; custom_padding_last_edited=&#187;on|desktop&#187; admin_label=&#187;Section&#187; _builder_version=&#187;3.22&#8243; custom_padding=&#187;20px|0px|0px|0px&#187; custom_padding_tablet=&#187;50px|0|50px|0&#8243; custom_padding_phone=&#187;&#187; transparent_background=&#187;off&#187; padding_mobile=&#187;off&#187; make_fullwidth=&#187;off&#187; use_custom_width=&#187;off&#187; width_unit=&#187;off&#187; custom_width_px=&#187;1080px&#187; custom_width_percent=&#187;80%&#187;][et_pb_row column_structure=&#187;1_4,1_4,1_4,1_4&#8243; padding_mobile=&#187;off&#187; column_padding_mobile=&#187;on&#187; admin_label=&#187;Row&#187; _builder_version=&#187;3.25&#8243; background_size=&#187;initial&#187; background_position=&#187;top_left&#187; background_repeat=&#187;repeat&#187; make_fullwidth=&#187;off&#187; use_custom_width=&#187;off&#187; width_unit=&#187;off&#187; custom_width_px=&#187;1080px&#187; custom_width_percent=&#187;80%&#187;][et_pb_column type=&#187;1_4&#8243; _builder_version=&#187;3.25&#8243; custom_padding=&#187;|||&#187; custom_padding__hover=&#187;|||&#187;][et_pb_blurb title=&#187;Zielgenaue Kunden&#187; use_icon=&#187;on&#187; font_icon=&#187;\ue01e&#187; icon_color=&#187;#7cda24&#8243; admin_label=&#187;Blurb&#187; _builder_version=&#187;4.9.4&#8243; background_size=&#187;initial&#187; background_position=&#187;top_left&#187; background_repeat=&#187;repeat&#187; text_orientation=&#187;center&#187; use_border_color=&#187;off&#187; border_color=&#187;#ffffff&#187; border_width=&#187;1px&#187; border_style=&#187;solid&#187;]<\/p>\n<p><span style=\"font-size: large;\">Wir finden genau die Kunden, die f\u00fcr Sie am wertvollsten sind<\/span><\/p>\n<p>[\/et_pb_blurb][\/et_pb_column][et_pb_column type=&#187;1_4&#8243; _builder_version=&#187;3.25&#8243; custom_padding=&#187;|||&#187; custom_padding__hover=&#187;|||&#187;][et_pb_blurb title=&#187;Nur validierte Leads&#187; use_icon=&#187;on&#187; font_icon=&#187;\ue090&#187; icon_color=&#187;#7cda24&#8243; admin_label=&#187;Blurb&#187; _builder_version=&#187;4.9.4&#8243; background_size=&#187;initial&#187; background_position=&#187;top_left&#187; background_repeat=&#187;repeat&#187; text_orientation=&#187;center&#187; use_border_color=&#187;off&#187; border_color=&#187;#ffffff&#187; border_width=&#187;1px&#187; border_style=&#187;solid&#187;]<\/p>\n<p><span style=\"font-size: large;\">Doppelte oder ung\u00fcltige Leads werden ersetzt<\/span><\/p>\n<p>[\/et_pb_blurb][\/et_pb_column][et_pb_column type=&#187;1_4&#8243; _builder_version=&#187;3.25&#8243; custom_padding=&#187;|||&#187; custom_padding__hover=&#187;|||&#187;][et_pb_blurb title=&#187;Messen&#187; use_icon=&#187;on&#187; font_icon=&#187;%%285%%&#187; icon_color=&#187;#7cda24&#8243; admin_label=&#187;Blurb&#187; _builder_version=&#187;4.9.4&#8243; background_size=&#187;initial&#187; background_position=&#187;top_left&#187; background_repeat=&#187;repeat&#187; text_orientation=&#187;center&#187; use_border_color=&#187;off&#187; border_color=&#187;#ffffff&#187; border_width=&#187;1px&#187; border_style=&#187;solid&#187;]<\/p>\n<p style=\"text-align: center;\"><span style=\"font-size: large;\">Wir analysieren und optimieren nonstop die Leads um dabei zu helfen, die Qualit\u00e4t zu steigern. Wir managen alles, Sie m\u00fcssen nichts tun.<\/span><\/p>\n<p>[\/et_pb_blurb][\/et_pb_column][et_pb_column type=&#187;1_4&#8243; _builder_version=&#187;3.25&#8243; custom_padding=&#187;|||&#187; custom_padding__hover=&#187;|||&#187;][et_pb_blurb title=&#187;Ohne Risiko&#187; use_icon=&#187;on&#187; font_icon=&#187;%%280%%&#187; icon_color=&#187;#7cda24&#8243; admin_label=&#187;Blurb&#187; _builder_version=&#187;4.9.4&#8243; background_size=&#187;initial&#187; background_position=&#187;top_left&#187; background_repeat=&#187;repeat&#187; text_orientation=&#187;center&#187; use_border_color=&#187;off&#187; border_color=&#187;#ffffff&#187; border_width=&#187;1px&#187; border_style=&#187;solid&#187;]<\/p>\n<p style=\"text-align: center;\"><span style=\"font-size: large;\">Sie bezahlen nur pro qualifizierten Lead die generiert werden. Wenn wir Ihnen keine Leads liefern, bezahlen Sie auch nichts.<\/span><\/p>\n<p>[\/et_pb_blurb][\/et_pb_column][\/et_pb_row][\/et_pb_section][et_pb_section fb_built=&#187;1&#8243; custom_padding_last_edited=&#187;on|desktop&#187; admin_label=&#187;section&#187; _builder_version=&#187;3.22&#8243; background_color=&#187;#ffffff&#187; custom_padding=&#187;64px|0px|27px|0px||&#187; custom_padding_tablet=&#187;50px|0|50px|0&#8243; custom_padding_phone=&#187;&#187; transparent_background=&#187;off&#187; padding_mobile=&#187;off&#187; make_fullwidth=&#187;off&#187; use_custom_width=&#187;off&#187; width_unit=&#187;off&#187; custom_width_px=&#187;1080px&#187; custom_width_percent=&#187;80%&#187;][et_pb_row padding_mobile=&#187;off&#187; column_padding_mobile=&#187;on&#187; admin_label=&#187;row&#187; _builder_version=&#187;3.25&#8243; background_size=&#187;initial&#187; background_position=&#187;top_left&#187; background_repeat=&#187;repeat&#187; custom_padding=&#187;0px|0px|0px|0px&#187; make_fullwidth=&#187;off&#187; use_custom_width=&#187;off&#187; width_unit=&#187;off&#187; custom_width_px=&#187;1080px&#187; custom_width_percent=&#187;80%&#187;][et_pb_column type=&#187;4_4&#8243; _builder_version=&#187;3.25&#8243; custom_padding=&#187;-30px|||&#187; custom_padding__hover=&#187;|||&#187;][et_pb_text admin_label=&#187;Text&#187; _builder_version=&#187;3.27.4&#8243; text_font_size=&#187;15px&#187; background_size=&#187;initial&#187; background_position=&#187;top_left&#187; background_repeat=&#187;repeat&#187; custom_padding=&#187;||0px|||&#187; use_border_color=&#187;off&#187; border_style=&#187;solid&#187;]<\/p>\n<p style=\"text-align: center;\"><span style=\"font-size: large;\">Wir analysieren Ihre Kunden-Zielgruppe und entwickeln eine massgeschneiderte Strategie. Zusammen mit Ihnen messen wir die Qualit\u00e4t.<\/span><br \/><span style=\"font-size: large;\">F\u00fcr Sie ist das ein grossartiger Weg um m\u00f6gliche Neukunden (Leads) zu erhalten.<\/span><\/p>\n<p style=\"text-align: center;\"><span style=\"font-size: large;\">Unsere Ansatz ist es nicht nur interessierte Leads zu generieren. Wir wollen das diese auch die von Ihnen gew\u00fcnschte T\u00e4tigkeit ausf\u00fchren oder ein Produkt kaufen um damit Ihren Umsatz zu steigern.<\/span><\/p>\n<p>[\/et_pb_text][\/et_pb_column][\/et_pb_row][\/et_pb_section][et_pb_section fb_built=&#187;1&#8243; fullwidth=&#187;on&#187; custom_padding_last_edited=&#187;on|desktop&#187; admin_label=&#187;Section&#187; _builder_version=&#187;4.9.4&#8243; background_color=&#187;#f2f2f2&#8243; custom_padding=&#187;44px|0px|0px|0px&#187; custom_padding_tablet=&#187;50px|0|50px|0&#8243; custom_padding_phone=&#187;&#187; transparent_background=&#187;off&#187; padding_mobile=&#187;off&#187; make_fullwidth=&#187;off&#187; use_custom_width=&#187;off&#187; width_unit=&#187;off&#187; custom_width_px=&#187;1080px&#187; custom_width_percent=&#187;80%&#187;][et_pb_fullwidth_header title=&#187;K\u00f6nnen Sie sich es leisten unsere hochwertigen Leads zu verpassen? Sie werden sie verpassen wenn Sie nicht mit uns zusammen arbeiten.&#187; text_orientation=&#187;center&#187; content_max_width=&#187;none&#187; admin_label=&#187;Fullwidth Header&#187; _builder_version=&#187;3.16&#8243; title_font_size=&#187;29px&#187; content_font_size=&#187;17px&#187; subhead_font_size=&#187;17px&#187; background_color=&#187;rgba(255, 255, 255, 0)&#187; background_layout=&#187;light&#187; button_one_letter_spacing_hover=&#187;0&#8243; button_two_letter_spacing_hover=&#187;0&#8243; button_one_text_size__hover_enabled=&#187;off&#187; button_two_text_size__hover_enabled=&#187;off&#187; button_one_text_color__hover_enabled=&#187;off&#187; button_two_text_color__hover_enabled=&#187;off&#187; button_one_border_width__hover_enabled=&#187;off&#187; button_two_border_width__hover_enabled=&#187;off&#187; button_one_border_color__hover_enabled=&#187;off&#187; button_two_border_color__hover_enabled=&#187;off&#187; button_one_border_radius__hover_enabled=&#187;off&#187; button_two_border_radius__hover_enabled=&#187;off&#187; button_one_letter_spacing__hover_enabled=&#187;on&#187; button_one_letter_spacing__hover=&#187;0&#8243; button_two_letter_spacing__hover_enabled=&#187;on&#187; button_two_letter_spacing__hover=&#187;0&#8243; button_one_bg_color__hover_enabled=&#187;off&#187; button_two_bg_color__hover_enabled=&#187;off&#187;]<\/p>\n<p>&nbsp;<\/p>\n<p><span style=\"font-size: large;\">Kontaktieren Sie uns noch heute um das weitere Vorgehen zu besprechen.\u00a0<\/span><\/p>\n<p>[\/et_pb_fullwidth_header][\/et_pb_section][et_pb_section fb_built=&#187;1&#8243; custom_padding_last_edited=&#187;on|desktop&#187; admin_label=&#187;Section&#187; _builder_version=&#187;3.22&#8243; background_color=&#187;#0c71c3&#8243; custom_padding=&#187;0px|0px|54px|0px&#187; custom_padding_tablet=&#187;50px|0|50px|0&#8243; custom_padding_phone=&#187;&#187; transparent_background=&#187;off&#187; padding_mobile=&#187;off&#187; make_fullwidth=&#187;off&#187; use_custom_width=&#187;off&#187; width_unit=&#187;off&#187; custom_width_px=&#187;1080px&#187; custom_width_percent=&#187;80%&#187;][et_pb_row padding_mobile=&#187;off&#187; column_padding_mobile=&#187;on&#187; admin_label=&#187;Row&#187; _builder_version=&#187;3.25&#8243; background_size=&#187;initial&#187; background_position=&#187;top_left&#187; background_repeat=&#187;repeat&#187; make_fullwidth=&#187;off&#187; use_custom_width=&#187;off&#187; width_unit=&#187;off&#187; custom_width_px=&#187;1080px&#187; custom_width_percent=&#187;80%&#187;][et_pb_column type=&#187;4_4&#8243; _builder_version=&#187;3.25&#8243; custom_padding=&#187;|||&#187; custom_padding__hover=&#187;|||&#187;][et_pb_button button_url=&#187;#cb236522b6&#8243; button_text=&#187;Jetzt kontaktieren&#187; button_alignment=&#187;center&#187; admin_label=&#187;Button&#187; _builder_version=&#187;4.9.4&#8243; custom_button=&#187;on&#187; button_text_size=&#187;26px&#187; button_text_color=&#187;#ffffff&#187; button_letter_spacing_hover=&#187;0&#8243; button_text_size__hover_enabled=&#187;off&#187; button_one_text_size__hover_enabled=&#187;off&#187; button_two_text_size__hover_enabled=&#187;off&#187; button_text_color__hover_enabled=&#187;off&#187; button_one_text_color__hover_enabled=&#187;off&#187; button_two_text_color__hover_enabled=&#187;off&#187; button_border_width__hover_enabled=&#187;off&#187; button_one_border_width__hover_enabled=&#187;off&#187; button_two_border_width__hover_enabled=&#187;off&#187; button_border_color__hover_enabled=&#187;off&#187; button_one_border_color__hover_enabled=&#187;off&#187; button_two_border_color__hover_enabled=&#187;off&#187; button_border_radius__hover_enabled=&#187;off&#187; button_one_border_radius__hover_enabled=&#187;off&#187; button_two_border_radius__hover_enabled=&#187;off&#187; button_letter_spacing__hover_enabled=&#187;on&#187; button_letter_spacing__hover=&#187;0&#8243; button_one_letter_spacing__hover_enabled=&#187;off&#187; button_two_letter_spacing__hover_enabled=&#187;off&#187; button_bg_color__hover_enabled=&#187;off&#187; button_one_bg_color__hover_enabled=&#187;off&#187; button_two_bg_color__hover_enabled=&#187;off&#187;] [\/et_pb_button][\/et_pb_column][\/et_pb_row][\/et_pb_section]<\/p>\n","protected":false},"excerpt":{"rendered":"<p>[et_pb_section fb_built=&#187;1&#8243; fullwidth=&#187;on&#187; custom_padding_last_edited=&#187;on|desktop&#187; admin_label=&#187;Section&#187; _builder_version=&#187;3.22&#8243; custom_padding=&#187;0px|0px|0px|0px&#187; custom_padding_tablet=&#187;50px|0|50px|0&#8243; custom_padding_phone=&#187;&#187; transparent_background=&#187;off&#187; padding_mobile=&#187;off&#187; make_fullwidth=&#187;off&#187; use_custom_width=&#187;off&#187; width_unit=&#187;off&#187; custom_width_px=&#187;1080px&#187; custom_width_percent=&#187;80%&#187;][et_pb_fullwidth_header title=&#187;Schauen Sie das Video unten an um zu erfahren, wie Lead Generierung bei uns funktioniert:&#187; content_max_width=&#187;none&#187; admin_label=&#187;Fullwidth Header&#187; _builder_version=&#187;4.9.4&#8243; title_text_align=&#187;center&#187; title_font_size=&#187;27px&#187; background_color=&#187;rgba(255, 255, 255, 0)&#187; background_layout=&#187;light&#187; custom_padding=&#187;||2px|||&#187; title_font_size_phone=&#187;21px&#187; button_one_letter_spacing_hover=&#187;0&#8243; button_two_letter_spacing_hover=&#187;0&#8243; button_one_text_size__hover_enabled=&#187;off&#187; button_two_text_size__hover_enabled=&#187;off&#187; button_one_text_color__hover_enabled=&#187;off&#187; button_two_text_color__hover_enabled=&#187;off&#187; button_one_border_width__hover_enabled=&#187;off&#187; button_two_border_width__hover_enabled=&#187;off&#187; button_one_border_color__hover_enabled=&#187;off&#187; button_two_border_color__hover_enabled=&#187;off&#187; button_one_border_radius__hover_enabled=&#187;off&#187; [&hellip;]<\/p>\n","protected":false},"author":1,"featured_media":0,"parent":0,"menu_order":0,"comment_status":"closed","ping_status":"closed","template":"","meta":{"_et_pb_use_builder":"on","_et_pb_old_content":"","_et_gb_content_width":""},"_links":{"self":[{"href":"https:\/\/almundia.ch\/index.php?rest_route=\/wp\/v2\/pages\/566"}],"collection":[{"href":"https:\/\/almundia.ch\/index.php?rest_route=\/wp\/v2\/pages"}],"about":[{"href":"https:\/\/almundia.ch\/index.php?rest_route=\/wp\/v2\/types\/page"}],"author":[{"embeddable":true,"href":"https:\/\/almundia.ch\/index.php?rest_route=\/wp\/v2\/users\/1"}],"replies":[{"embeddable":true,"href":"https:\/\/almundia.ch\/index.php?rest_route=%2Fwp%2Fv2%2Fcomments&post=566"}],"version-history":[{"count":15,"href":"https:\/\/almundia.ch\/index.php?rest_route=\/wp\/v2\/pages\/566\/revisions"}],"predecessor-version":[{"id":613,"href":"https:\/\/almundia.ch\/index.php?rest_route=\/wp\/v2\/pages\/566\/revisions\/613"}],"wp:attachment":[{"href":"https:\/\/almundia.ch\/index.php?rest_route=%2Fwp%2Fv2%2Fmedia&parent=566"}],"curies":[{"name":"wp","href":"https:\/\/api.w.org\/{rel}","templated":true}]}}